{"id":150,"date":"2020-08-09T01:57:26","date_gmt":"2020-08-09T01:57:26","guid":{"rendered":"https:\/\/zapoko.com\/?page_id=150"},"modified":"2020-09-08T17:35:06","modified_gmt":"2020-09-08T20:35:06","slug":"info","status":"publish","type":"page","link":"https:\/\/zapoko.com\/en\/info\/","title":{"rendered":"info"},"content":{"rendered":"","protected":false},"excerpt":{"rendered":"","protected":false},"author":1,"featured_media":0,"parent":0,"menu_order":0,"comment_status":"closed","ping_status":"closed","template":"","meta":[],"yoast_head":"<!-- This site is optimized with the Yoast SEO plugin v18.4.1 - https:\/\/yoast.com\/wordpress\/plugins\/seo\/ -->\n<title>info - zapoko<\/title>\n<meta name=\"robots\" content=\"index, follow, max-snippet:-1, max-image-preview:large, max-video-preview:-1\" \/>\n<link rel=\"canonical\" href=\"https:\/\/zapoko.com\/en\/info\/\" \/>\n<meta property=\"og:locale\" content=\"en_US\" \/>\n<meta property=\"og:type\" content=\"article\" \/>\n<meta property=\"og:title\" content=\"info - zapoko\" \/>\n<meta property=\"og:url\" content=\"https:\/\/zapoko.com\/en\/info\/\" \/>\n<meta property=\"og:site_name\" content=\"zapoko\" \/>\n<meta property=\"article:modified_time\" content=\"2020-09-08T20:35:06+00:00\" \/>\n<meta name=\"twitter:card\" content=\"summary_large_image\" \/>\n<script type=\"application\/ld+json\" class=\"yoast-schema-graph\">{\"@context\":\"https:\/\/schema.org\",\"@graph\":[{\"@type\":[\"Person\",\"Organization\"],\"@id\":\"http:\/\/zapoko.com\/es\/#\/schema\/person\/709754be61d6df7c306901731fd9a154\",\"name\":\"Angel Mehechen\",\"image\":{\"@type\":\"ImageObject\",\"@id\":\"http:\/\/zapoko.com\/es\/#personlogo\",\"inLanguage\":\"en-US\",\"url\":\"https:\/\/secure.gravatar.com\/avatar\/5bb68c396f2d48b78fdc5726c9b2497f?s=96&d=mm&r=g\",\"contentUrl\":\"https:\/\/secure.gravatar.com\/avatar\/5bb68c396f2d48b78fdc5726c9b2497f?s=96&d=mm&r=g\",\"caption\":\"Angel Mehechen\"},\"logo\":{\"@id\":\"http:\/\/zapoko.com\/es\/#personlogo\"},\"sameAs\":[\"https:\/\/zapoko.com\",\"https:\/\/www.instagram.com\/zapoko\/\"]},{\"@type\":\"WebSite\",\"@id\":\"http:\/\/zapoko.com\/es\/#website\",\"url\":\"http:\/\/zapoko.com\/es\/\",\"name\":\"zapoko\",\"description\":\"\",\"publisher\":{\"@id\":\"http:\/\/zapoko.com\/es\/#\/schema\/person\/709754be61d6df7c306901731fd9a154\"},\"potentialAction\":[{\"@type\":\"SearchAction\",\"target\":{\"@type\":\"EntryPoint\",\"urlTemplate\":\"http:\/\/zapoko.com\/es\/?s={search_term_string}\"},\"query-input\":\"required name=search_term_string\"}],\"inLanguage\":\"en-US\"},{\"@type\":\"WebPage\",\"@id\":\"https:\/\/zapoko.com\/es\/info\/#webpage\",\"url\":\"https:\/\/zapoko.com\/es\/info\/\",\"name\":\"info - zapoko\",\"isPartOf\":{\"@id\":\"http:\/\/zapoko.com\/es\/#website\"},\"datePublished\":\"2020-08-09T01:57:26+00:00\",\"dateModified\":\"2020-09-08T20:35:06+00:00\",\"breadcrumb\":{\"@id\":\"https:\/\/zapoko.com\/es\/info\/#breadcrumb\"},\"inLanguage\":\"en-US\",\"potentialAction\":[{\"@type\":\"ReadAction\",\"target\":[\"https:\/\/zapoko.com\/es\/info\/\"]}]},{\"@type\":\"BreadcrumbList\",\"@id\":\"https:\/\/zapoko.com\/es\/info\/#breadcrumb\",\"itemListElement\":[{\"@type\":\"ListItem\",\"position\":1,\"name\":\"Inicio\",\"item\":\"http:\/\/zapoko.com\/es\/\"},{\"@type\":\"ListItem\",\"position\":2,\"name\":\"info\"}]}]}<\/script>\n<!-- \/ Yoast SEO plugin. -->","yoast_head_json":{"title":"info - zapoko","robots":{"index":"index","follow":"follow","max-snippet":"max-snippet:-1","max-image-preview":"max-image-preview:large","max-video-preview":"max-video-preview:-1"},"canonical":"https:\/\/zapoko.com\/en\/info\/","og_locale":"en_US","og_type":"article","og_title":"info - zapoko","og_url":"https:\/\/zapoko.com\/en\/info\/","og_site_name":"zapoko","article_modified_time":"2020-09-08T20:35:06+00:00","twitter_card":"summary_large_image","schema":{"@context":"https:\/\/schema.org","@graph":[{"@type":["Person","Organization"],"@id":"http:\/\/zapoko.com\/es\/#\/schema\/person\/709754be61d6df7c306901731fd9a154","name":"Angel Mehechen","image":{"@type":"ImageObject","@id":"http:\/\/zapoko.com\/es\/#personlogo","inLanguage":"en-US","url":"https:\/\/secure.gravatar.com\/avatar\/5bb68c396f2d48b78fdc5726c9b2497f?s=96&d=mm&r=g","contentUrl":"https:\/\/secure.gravatar.com\/avatar\/5bb68c396f2d48b78fdc5726c9b2497f?s=96&d=mm&r=g","caption":"Angel Mehechen"},"logo":{"@id":"http:\/\/zapoko.com\/es\/#personlogo"},"sameAs":["https:\/\/zapoko.com","https:\/\/www.instagram.com\/zapoko\/"]},{"@type":"WebSite","@id":"http:\/\/zapoko.com\/es\/#website","url":"http:\/\/zapoko.com\/es\/","name":"zapoko","description":"","publisher":{"@id":"http:\/\/zapoko.com\/es\/#\/schema\/person\/709754be61d6df7c306901731fd9a154"},"potentialAction":[{"@type":"SearchAction","target":{"@type":"EntryPoint","urlTemplate":"http:\/\/zapoko.com\/es\/?s={search_term_string}"},"query-input":"required name=search_term_string"}],"inLanguage":"en-US"},{"@type":"WebPage","@id":"https:\/\/zapoko.com\/es\/info\/#webpage","url":"https:\/\/zapoko.com\/es\/info\/","name":"info - zapoko","isPartOf":{"@id":"http:\/\/zapoko.com\/es\/#website"},"datePublished":"2020-08-09T01:57:26+00:00","dateModified":"2020-09-08T20:35:06+00:00","breadcrumb":{"@id":"https:\/\/zapoko.com\/es\/info\/#breadcrumb"},"inLanguage":"en-US","potentialAction":[{"@type":"ReadAction","target":["https:\/\/zapoko.com\/es\/info\/"]}]},{"@type":"BreadcrumbList","@id":"https:\/\/zapoko.com\/es\/info\/#breadcrumb","itemListElement":[{"@type":"ListItem","position":1,"name":"Inicio","item":"http:\/\/zapoko.com\/es\/"},{"@type":"ListItem","position":2,"name":"info"}]}]}},"grid":"{\r\n  \"colCount\": 31,\r\n  \"colGutter\": 1,\r\n  \"rowGutters\": [],\r\n  \"frameMargin\": 5,\r\n  \"topFrameMargin\": 80,\r\n  \"bottomFrameMargin\": 10,\r\n  \"rowAttrs\": [\r\n    {}\r\n  ],\r\n  \"bgColor\": null,\r\n  \"cont\": [\r\n    {\r\n      \"type\": \"stack\",\r\n      \"cont\": [\r\n        {\r\n          \"type\": \"img\",\r\n          \"cont\": \"\/wp-content\/uploads\/E193B94C-FCF6-4F1E-B563-085D23E51FB3-1D404907-92A7-459B-9777-4D8F01E4C543.jpg\",\r\n          \"align\": \"top\",\r\n          \"row\": -1,\r\n          \"col\": 1,\r\n          \"colspan\": 9,\r\n          \"offsetx\": 0,\r\n          \"offsety\": 0,\r\n          \"spaceabove\": 1,\r\n          \"spacebelow\": 1,\r\n          \"yvel\": 1,\r\n          \"push\": 1,\r\n          \"relid\": 241,\r\n          \"attid\": 436,\r\n          \"sizes\": {\r\n            \"full\": \"\/wp-content\/uploads\/E193B94C-FCF6-4F1E-B563-085D23E51FB3-1D404907-92A7-459B-9777-4D8F01E4C543.jpg\",\r\n            \"_2560\": \"\/wp-content\/uploads\/E193B94C-FCF6-4F1E-B563-085D23E51FB3-1D404907-92A7-459B-9777-4D8F01E4C543-2560x3413.jpg\",\r\n            \"_1920\": \"\/wp-content\/uploads\/E193B94C-FCF6-4F1E-B563-085D23E51FB3-1D404907-92A7-459B-9777-4D8F01E4C543-1920x2560.jpg\",\r\n            \"_1280\": \"\/wp-content\/uploads\/E193B94C-FCF6-4F1E-B563-085D23E51FB3-1D404907-92A7-459B-9777-4D8F01E4C543-1280x1707.jpg\",\r\n            \"_1024\": \"\/wp-content\/uploads\/E193B94C-FCF6-4F1E-B563-085D23E51FB3-1D404907-92A7-459B-9777-4D8F01E4C543-1024x1365.jpg\",\r\n            \"_768\": \"\/wp-content\/uploads\/E193B94C-FCF6-4F1E-B563-085D23E51FB3-1D404907-92A7-459B-9777-4D8F01E4C543-768x1024.jpg\",\r\n            \"_512\": \"\/wp-content\/uploads\/E193B94C-FCF6-4F1E-B563-085D23E51FB3-1D404907-92A7-459B-9777-4D8F01E4C543-512x683.jpg\",\r\n            \"_265\": \"\/wp-content\/uploads\/E193B94C-FCF6-4F1E-B563-085D23E51FB3-1D404907-92A7-459B-9777-4D8F01E4C543-265x353.jpg\"\r\n          },\r\n          \"w\": 3024,\r\n          \"h\": 4032,\r\n          \"ar\": 1.3333333333333333,\r\n          \"alt\": \"\"\r\n        },\r\n        {\r\n          \"type\": \"text\",\r\n          \"cont\": \"<p class=\\\"_textosimple\\\" style=\\\"text-align: left;\\\"><span style=\\\"font-size: 11px;\\\">impresiones, licencias u otras consultas: <a href=\\\"mailto:info@zapoko.com\\\" target=\\\"_blank\\\" rel=\\\"noopener\\\">info@zapoko.com<\/a><\/span><\/p><p class=\\\"_textosimple\\\">\u00a0<\/p><p class=\\\"_textosimple\\\" style=\\\"text-align: left;\\\"><span style=\\\"font-size: 10px;\\\">todas las fotograf\u00edas publicadas en este sitio son propiedad de \u00c1ngel Mehechen, est\u00e1n protegidas por leyes nacionales e internacionales de derechos de autor (copyright) y no pueden ser reproducidas sin su expresa autorizaci\u00f3n.<\/span><\/p><p class=\\\"_textosimple\\\" style=\\\"text-align: left;\\\"><span style=\\\"font-size: 10px;\\\">\u00a92010 - 2020, \u00c1ngel Mehechen.<\/span><\/p>\",\r\n          \"align\": \"top\",\r\n          \"row\": -1,\r\n          \"col\": 1,\r\n          \"colspan\": 9,\r\n          \"offsetx\": 0,\r\n          \"offsety\": 0,\r\n          \"spaceabove\": 1,\r\n          \"spacebelow\": 2,\r\n          \"yvel\": 1,\r\n          \"push\": 1,\r\n          \"relid\": 4,\r\n          \"frameOverflow\": \"\"\r\n        }\r\n      ],\r\n      \"align\": \"top\",\r\n      \"row\": 0,\r\n      \"col\": 15,\r\n      \"colspan\": 10,\r\n      \"offsetx\": 0,\r\n      \"offsety\": 0,\r\n      \"spaceabove\": 0,\r\n      \"spacebelow\": 0,\r\n      \"yvel\": 1,\r\n      \"push\": 15,\r\n      \"relid\": 5\r\n    }\r\n  ]\r\n}","phonegrid":"{\r\n  \"colCount\": 15,\r\n  \"colGutter\": 1,\r\n  \"rowGutters\": [\r\n    1\r\n  ],\r\n  \"frameMargin\": 5,\r\n  \"topFrameMargin\": 5,\r\n  \"bottomFrameMargin\": 5,\r\n  \"rowAttrs\": [\r\n    {},\r\n    {}\r\n  ],\r\n  \"bgColor\": null,\r\n  \"cont\": [\r\n    {\r\n      \"type\": \"img\",\r\n      \"cont\": \"\/wp-content\/uploads\/E193B94C-FCF6-4F1E-B563-085D23E51FB3-1D404907-92A7-459B-9777-4D8F01E4C543.jpg\",\r\n      \"align\": \"middle\",\r\n      \"row\": 0,\r\n      \"col\": 1,\r\n      \"colspan\": 13,\r\n      \"offsetx\": 0,\r\n      \"offsety\": 0,\r\n      \"spaceabove\": 1,\r\n      \"spacebelow\": 1,\r\n      \"yvel\": 1,\r\n      \"push\": 1,\r\n      \"relid\": 241,\r\n      \"attid\": 436,\r\n      \"sizes\": {\r\n        \"full\": \"\/wp-content\/uploads\/E193B94C-FCF6-4F1E-B563-085D23E51FB3-1D404907-92A7-459B-9777-4D8F01E4C543.jpg\",\r\n        \"_2560\": \"\/wp-content\/uploads\/E193B94C-FCF6-4F1E-B563-085D23E51FB3-1D404907-92A7-459B-9777-4D8F01E4C543-2560x3413.jpg\",\r\n        \"_1920\": \"\/wp-content\/uploads\/E193B94C-FCF6-4F1E-B563-085D23E51FB3-1D404907-92A7-459B-9777-4D8F01E4C543-1920x2560.jpg\",\r\n        \"_1280\": \"\/wp-content\/uploads\/E193B94C-FCF6-4F1E-B563-085D23E51FB3-1D404907-92A7-459B-9777-4D8F01E4C543-1280x1707.jpg\",\r\n        \"_1024\": \"\/wp-content\/uploads\/E193B94C-FCF6-4F1E-B563-085D23E51FB3-1D404907-92A7-459B-9777-4D8F01E4C543-1024x1365.jpg\",\r\n        \"_768\": \"\/wp-content\/uploads\/E193B94C-FCF6-4F1E-B563-085D23E51FB3-1D404907-92A7-459B-9777-4D8F01E4C543-768x1024.jpg\",\r\n        \"_512\": \"\/wp-content\/uploads\/E193B94C-FCF6-4F1E-B563-085D23E51FB3-1D404907-92A7-459B-9777-4D8F01E4C543-512x683.jpg\",\r\n        \"_265\": \"\/wp-content\/uploads\/E193B94C-FCF6-4F1E-B563-085D23E51FB3-1D404907-92A7-459B-9777-4D8F01E4C543-265x353.jpg\"\r\n      },\r\n      \"w\": 3024,\r\n      \"h\": 4032,\r\n      \"ar\": 1.3333333333333333,\r\n      \"alt\": \"\",\r\n      \"frameOverflow\": \"\"\r\n    },\r\n    {\r\n      \"type\": \"text\",\r\n      \"cont\": \"<p class=\\\"_textosimple\\\" style=\\\"text-align: left;\\\"><span style=\\\"font-size: 11px;\\\">impresiones, licencias u otras consultas: <a href=\\\"mailto:info@zapoko.com\\\" target=\\\"_blank\\\" rel=\\\"noopener\\\">info@zapoko.com<\/a><\/span><\/p><p class=\\\"_textosimple\\\">\u00a0<\/p><p class=\\\"_textosimple\\\" style=\\\"text-align: left;\\\"><span style=\\\"font-size: 10px;\\\">todas las fotograf\u00edas publicadas en este sitio son propiedad de \u00c1ngel Mehechen, est\u00e1n protegidas por leyes nacionales e internacionales de derechos de autor (copyright) y no pueden ser reproducidas sin su expresa autorizaci\u00f3n.<\/span><\/p><p class=\\\"_textosimple\\\" style=\\\"text-align: left;\\\"><span style=\\\"font-size: 10px;\\\">\u00a92010 - 2020, \u00c1ngel Mehechen.<\/span><\/p>\",\r\n      \"align\": \"middle\",\r\n      \"row\": 1,\r\n      \"col\": 1,\r\n      \"colspan\": 13,\r\n      \"offsetx\": 0,\r\n      \"offsety\": 0,\r\n      \"spaceabove\": 2,\r\n      \"spacebelow\": 2,\r\n      \"yvel\": 1,\r\n      \"push\": 1,\r\n      \"relid\": 4,\r\n      \"frameOverflow\": \"\"\r\n    }\r\n  ]\r\n}","_links":{"self":[{"href":"https:\/\/zapoko.com\/en\/wp-json\/wp\/v2\/pages\/150"}],"collection":[{"href":"https:\/\/zapoko.com\/en\/wp-json\/wp\/v2\/pages"}],"about":[{"href":"https:\/\/zapoko.com\/en\/wp-json\/wp\/v2\/types\/page"}],"author":[{"embeddable":true,"href":"https:\/\/zapoko.com\/en\/wp-json\/wp\/v2\/users\/1"}],"replies":[{"embeddable":true,"href":"https:\/\/zapoko.com\/en\/wp-json\/wp\/v2\/comments?post=150"}],"version-history":[{"count":0,"href":"https:\/\/zapoko.com\/en\/wp-json\/wp\/v2\/pages\/150\/revisions"}],"wp:attachment":[{"href":"https:\/\/zapoko.com\/en\/wp-json\/wp\/v2\/media?parent=150"}],"curies":[{"name":"wp","href":"https:\/\/api.w.org\/{rel}","templated":true}]}}